{"id":294,"date":"2016-11-03T16:50:09","date_gmt":"2016-11-03T15:50:09","guid":{"rendered":"http:\/\/lawyer2.mythemecloud.io\/?page_id=294"},"modified":"2022-01-16T16:41:35","modified_gmt":"2022-01-16T15:41:35","slug":"practice-areas","status":"publish","type":"page","link":"https:\/\/lingualegis.com.pl\/?page_id=294","title":{"rendered":"Wycena"},"content":{"rendered":"\t\t<div data-elementor-type=\"wp-page\" data-elementor-id=\"294\" class=\"elementor elementor-294\">\n\t\t\t\t\t\t<section class=\"elementor-section elementor-top-section elementor-element elementor-element-1fb7a02 elementor-section-boxed elementor-section-height-default elementor-section-height-default\" data-id=\"1fb7a02\" data-element_type=\"section\" data-e-type=\"section\">\n\t\t\t\t\t\t<div class=\"elementor-container elementor-column-gap-default\">\n\t\t\t\t\t<div class=\"elementor-column elementor-col-100 elementor-top-column elementor-element elementor-element-fc51945\" data-id=\"fc51945\" data-element_type=\"column\" data-e-type=\"column\">\n\t\t\t<div class=\"elementor-widget-wrap elementor-element-populated\">\n\t\t\t\t\t\t<div class=\"elementor-element elementor-element-6360058 elementor-widget elementor-widget-text-editor\" data-id=\"6360058\" data-element_type=\"widget\" data-e-type=\"widget\" data-widget_type=\"text-editor.default\">\n\t\t\t\t<div class=\"elementor-widget-container\">\n\t\t\t\t\t\t\t\t\t<p style=\"text-align: center;\"><span style=\"color: #555555; font-family: Oxygen, sans-serif; font-size: 16px; font-style: normal; font-variant-ligatures: normal; font-variant-caps: normal; font-weight: 400; letter-spacing: 0.5px;\">Na cen\u0119 t\u0142umaczenia wp\u0142yw ma wiele czynnik\u00f3w, dlatego jest ona ustalana indywidualnie. Pod uwag\u0119 brany jest rodzaj tekstu, jego d\u0142ugo\u015b\u0107, stopie\u0144 skomplikowania oraz czas realizacji. Termin wykonania t\u0142umaczenia oraz cena ustalane s\u0105 po zapoznaniu si\u0119 z tekstem.<\/span><span style=\"color: #212529; font-family: Magra, sans-serif; font-size: 16px; font-style: normal; font-variant-ligatures: normal; font-variant-caps: normal; font-weight: 400; text-align: center; background-color: #fbfbfb;\"><br><\/span><\/p>\n<p style=\"font-size: 14px; text-align: center;\"><span style=\"font-variant-ligatures: normal; font-variant-caps: normal; font-family: Oxygen, sans-serif; font-size: 16px; font-style: normal; font-weight: 400; color: #555555; letter-spacing: 0.5px;\">1 strona t\u0142umaczenia po\u015bwiadczonego to 1125 znak\u00f3w ze spacjami.<\/span><\/p>\n<p style=\"box-sizing: inherit; margin-top: 0.8em; margin-bottom: 0.8em; font-variant-ligatures: normal; font-variant-caps: normal; font-family: Oxygen, sans-serif; font-size: 16px; font-style: normal; font-weight: 400; color: #555555; letter-spacing: 0.5px; text-align: center;\"><span style=\"font-family: Oxygen, sans-serif; font-size: 16px; font-style: normal; font-variant-ligatures: normal; font-variant-caps: normal; font-weight: 400;\">1 strona t\u0142umaczenia zwyk\u0142ego to 1800 znak\u00f3w ze spacjami.<\/span><\/p>\n<p style=\"box-sizing: inherit; margin-top: 0.8em; margin-bottom: 0.8em; font-variant-ligatures: normal; font-variant-caps: normal; font-family: Oxygen, sans-serif; font-size: 16px; font-style: normal; font-weight: 400; color: #555555; letter-spacing: 0.5px; text-align: center;\">W przypadku t\u0142umaczenia ustnego istotne jest miejsce realizacji, tematyka oraz czas trwania us\u0142ugi.<\/p>\n<p style=\"box-sizing: inherit; margin-top: 0.8em; margin-bottom: 0.8em; font-variant-ligatures: normal; font-variant-caps: normal; font-family: Oxygen, sans-serif; font-size: 16px; font-style: normal; font-weight: 400; color: #555555; letter-spacing: 0.5px; text-align: center;\">Aby otrzyma\u0107 wycen\u0119, prosz\u0119 o kontakt na adres: agnieszka.bongilaj@lingualegis.com.pl lub przez formularz kontaktowy.<\/p>\n<p style=\"box-sizing: inherit; margin-top: 0.8em; margin-bottom: 0.8em; color: #555555; letter-spacing: 0.5px; font-size: 16px; font-weight: 400; font-family: Oxygen, sans-serif; font-style: normal; font-variant-ligatures: normal; font-variant-caps: normal;\">\n<\/p>\t\t\t\t\t\t\t\t<\/div>\n\t\t\t\t<\/div>\n\t\t\t\t<div class=\"elementor-element elementor-element-fdb259c elementor-align-center elementor-widget elementor-widget-button\" data-id=\"fdb259c\" data-element_type=\"widget\" data-e-type=\"widget\" data-widget_type=\"button.default\">\n\t\t\t\t<div class=\"elementor-widget-container\">\n\t\t\t\t\t\t\t\t\t<div class=\"elementor-button-wrapper\">\n\t\t\t\t\t<a class=\"elementor-button elementor-button-link elementor-size-sm\" href=\"https:\/\/lingualegis.com.pl\/?page_id=354\">\n\t\t\t\t\t\t<span class=\"elementor-button-content-wrapper\">\n\t\t\t\t\t\t\t\t\t<span class=\"elementor-button-text\">Formularz kontaktowy<\/span>\n\t\t\t\t\t<\/span>\n\t\t\t\t\t<\/a>\n\t\t\t\t<\/div>\n\t\t\t\t\t\t\t\t<\/div>\n\t\t\t\t<\/div>\n\t\t\t\t\t<\/div>\n\t\t<\/div>\n\t\t\t\t\t<\/div>\n\t\t<\/section>\n\t\t\t\t<\/div>\n\t\t","protected":false},"excerpt":{"rendered":"<p>Na cen\u0119 t\u0142umaczenia wp\u0142yw ma wiele czynnik\u00f3w, dlatego jest ona ustalana indywidualnie. Pod uwag\u0119 brany jest rodzaj tekstu, jego d\u0142ugo\u015b\u0107, stopie\u0144 skomplikowania oraz czas realizacji. Termin wykonania t\u0142umaczenia oraz cena ustalane s\u0105 po zapoznaniu si\u0119 z tekstem. 1 strona t\u0142umaczenia po\u015bwiadczonego to 1125 znak\u00f3w ze spacjami. 1 strona t\u0142umaczenia zwyk\u0142ego to 1800 znak\u00f3w ze spacjami. [&hellip;]<\/p>\n","protected":false},"author":1,"featured_media":0,"parent":0,"menu_order":0,"comment_status":"closed","ping_status":"closed","template":"","meta":{"ocean_post_layout":"full-width","ocean_both_sidebars_style":"","ocean_both_sidebars_content_width":0,"ocean_both_sidebars_sidebars_width":0,"ocean_sidebar":"0","ocean_second_sidebar":"0","ocean_disable_margins":"enable","ocean_add_body_class":"","ocean_shortcode_before_top_bar":"","ocean_shortcode_after_top_bar":"","ocean_shortcode_before_header":"","ocean_shortcode_after_header":"","ocean_has_shortcode":"","ocean_shortcode_after_title":"","ocean_shortcode_before_footer_widgets":"","ocean_shortcode_after_footer_widgets":"","ocean_shortcode_before_footer_bottom":"","ocean_shortcode_after_footer_bottom":"","ocean_display_top_bar":"default","ocean_display_header":"default","ocean_header_style":"","ocean_center_header_left_menu":"0","ocean_custom_header_template":"0","ocean_custom_logo":0,"ocean_custom_retina_logo":0,"ocean_custom_logo_max_width":0,"ocean_custom_logo_tablet_max_width":0,"ocean_custom_logo_mobile_max_width":0,"ocean_custom_logo_max_height":0,"ocean_custom_logo_tablet_max_height":0,"ocean_custom_logo_mobile_max_height":0,"ocean_header_custom_menu":"0","ocean_menu_typo_font_family":"0","ocean_menu_typo_font_subset":"","ocean_menu_typo_font_size":0,"ocean_menu_typo_font_size_tablet":0,"ocean_menu_typo_font_size_mobile":0,"ocean_menu_typo_font_size_unit":"px","ocean_menu_typo_font_weight":"","ocean_menu_typo_font_weight_tablet":"","ocean_menu_typo_font_weight_mobile":"","ocean_menu_typo_transform":"","ocean_menu_typo_transform_tablet":"","ocean_menu_typo_transform_mobile":"","ocean_menu_typo_line_height":0,"ocean_menu_typo_line_height_tablet":0,"ocean_menu_typo_line_height_mobile":0,"ocean_menu_typo_line_height_unit":"","ocean_menu_typo_spacing":0,"ocean_menu_typo_spacing_tablet":0,"ocean_menu_typo_spacing_mobile":0,"ocean_menu_typo_spacing_unit":"","ocean_menu_link_color":"","ocean_menu_link_color_hover":"","ocean_menu_link_color_active":"","ocean_menu_link_background":"","ocean_menu_link_hover_background":"","ocean_menu_link_active_background":"","ocean_menu_social_links_bg":"","ocean_menu_social_hover_links_bg":"","ocean_menu_social_links_color":"","ocean_menu_social_hover_links_color":"","ocean_disable_title":"on","ocean_disable_heading":"default","ocean_post_title":"","ocean_post_subheading":"","ocean_post_title_style":"","ocean_post_title_background_color":"","ocean_post_title_background":0,"ocean_post_title_bg_image_position":"","ocean_post_title_bg_image_attachment":"","ocean_post_title_bg_image_repeat":"","ocean_post_title_bg_image_size":"","ocean_post_title_height":0,"ocean_post_title_bg_overlay":0.5,"ocean_post_title_bg_overlay_color":"","ocean_disable_breadcrumbs":"default","ocean_breadcrumbs_color":"","ocean_breadcrumbs_separator_color":"","ocean_breadcrumbs_links_color":"","ocean_breadcrumbs_links_hover_color":"","ocean_display_footer_widgets":"default","ocean_display_footer_bottom":"default","ocean_custom_footer_template":"0","footnotes":""},"class_list":["post-294","page","type-page","status-publish","hentry","entry"],"_links":{"self":[{"href":"https:\/\/lingualegis.com.pl\/index.php?rest_route=\/wp\/v2\/pages\/294","targetHints":{"allow":["GET"]}}],"collection":[{"href":"https:\/\/lingualegis.com.pl\/index.php?rest_route=\/wp\/v2\/pages"}],"about":[{"href":"https:\/\/lingualegis.com.pl\/index.php?rest_route=\/wp\/v2\/types\/page"}],"author":[{"embeddable":true,"href":"https:\/\/lingualegis.com.pl\/index.php?rest_route=\/wp\/v2\/users\/1"}],"replies":[{"embeddable":true,"href":"https:\/\/lingualegis.com.pl\/index.php?rest_route=%2Fwp%2Fv2%2Fcomments&post=294"}],"version-history":[{"count":28,"href":"https:\/\/lingualegis.com.pl\/index.php?rest_route=\/wp\/v2\/pages\/294\/revisions"}],"predecessor-version":[{"id":1422,"href":"https:\/\/lingualegis.com.pl\/index.php?rest_route=\/wp\/v2\/pages\/294\/revisions\/1422"}],"wp:attachment":[{"href":"https:\/\/lingualegis.com.pl\/index.php?rest_route=%2Fwp%2Fv2%2Fmedia&parent=294"}],"curies":[{"name":"wp","href":"https:\/\/api.w.org\/{rel}","templated":true}]}}